{"id":18974,"date":"2022-10-06T22:55:16","date_gmt":"2022-10-06T22:55:16","guid":{"rendered":"https:\/\/transterrelogistics.com\/?page_id=18974"},"modified":"2023-11-14T15:11:09","modified_gmt":"2023-11-14T21:11:09","slug":"aviso-de-privacidad","status":"publish","type":"page","link":"https:\/\/transterrelogistics.com\/index.php\/aviso-de-privacidad\/","title":{"rendered":"Aviso de Privacidad"},"content":{"rendered":"\t\t<div data-elementor-type=\"wp-page\" data-elementor-id=\"18974\" class=\"elementor elementor-18974\" data-elementor-post-type=\"page\">\n\t\t\t\t\t\t<section class=\"elementor-section elementor-top-section elementor-element elementor-element-954e304 elementor-section-boxed elementor-section-height-default elementor-section-height-default sc_fly_static\" data-id=\"954e304\" data-element_type=\"section\">\n\t\t\t\t\t\t<div class=\"elementor-container elementor-column-gap-extended\">\n\t\t\t\t\t<div class=\"elementor-column elementor-col-100 elementor-top-column elementor-element elementor-element-9d94802 sc_inner_width_none sc_content_align_inherit sc_layouts_column_icons_position_left sc_fly_static\" data-id=\"9d94802\" data-element_type=\"column\">\n\t\t\t<div class=\"elementor-widget-wrap elementor-element-populated\">\n\t\t\t\t\t\t<div class=\"elementor-element elementor-element-2ff081f sc_fly_static elementor-widget elementor-widget-heading\" data-id=\"2ff081f\" data-element_type=\"widget\" data-widget_type=\"heading.default\">\n\t\t\t\t<div class=\"elementor-widget-container\">\n\t\t\t\t\t<h2 class=\"elementor-heading-title elementor-size-default\">AVISO DE PRIVACIDAD<\/h2>\t\t\t\t<\/div>\n\t\t\t\t<\/div>\n\t\t\t\t<div class=\"elementor-element elementor-element-f7c775c sc_fly_static elementor-widget elementor-widget-text-editor\" data-id=\"f7c775c\" data-element_type=\"widget\" data-widget_type=\"text-editor.default\">\n\t\t\t\t<div class=\"elementor-widget-container\">\n\t\t\t\t\t\t\t\t\t<section id=\"work\"><div class=\"container\"><div class=\"row\"><div class=\"col-lg-4 col-md-4 col-sm-4 wow fadeInUp\" data-wow-delay=\"0.6s\"><p><em>En cumplimiento con lo establecido por la Ley Federal de Protecci\u00f3n de Datos Personales en Posesi\u00f3n de Particulares, Transterre Logistics S.C., Cargo Logistica Internacional S.A. de C.V., Servicargo S.A de C.V. y\/o cualquiera de sus empresas filiales y\/o subsidiarias, y\/o empresas del mismo grupo corporativo en los Estados Unidos Mexicanos;(en lo sucesivo, conjuntamente, como Transterre Logistics) hace de su conocimiento la pol\u00edtica de privacidad y manejo de datos personales, en la que en todo momento buscar\u00e1n que el tratamiento de los mismos sea leg\u00edtimo, controlado e informado, a efecto de garantizar la privacidad de los mismos.<\/em><\/p><p><em>Los datos personales que mediante la p\u00e1gina web proporcione cualquier persona f\u00edsica, incluyendo sin limitar, suscriptores, clientes, proveedores y\/o usuarios, a Transterre Logistics, tendr\u00e1n el uso que en forma enunciativa pero no limitativa se describe a continuaci\u00f3n:<\/em><\/p><p><em>Transterre Logistics hace uso de la informaci\u00f3n que recopila mediante esta p\u00e1gina web para dar a conocer los productos y servicios que ofrece. En general, Transterre Logistics, no comparte la informaci\u00f3n personal que recaba a terceros, a menos que obtenga autorizaci\u00f3n expresa para hacerlo.<\/em><\/p><p><em>Se podr\u00e1 compartir la informaci\u00f3n en los siguientes casos:<\/em><\/p><p><em>\u2013 Para proteger y defender el derecho y propiedad de Transterre Logistics, inclusive para hacer valer nuestras Pol\u00edticas de Uso.<\/em><\/p><p><em>\u2013 Cuando as\u00ed lo requiera la Ley y\/o autoridades judiciales. Transterre Logistics no transmitir\u00e1, publicar\u00e1 o de otra manera difundir\u00e1 la informaci\u00f3n de car\u00e1cter personal que nos proporcione, a no ser que obtenga directamente de usted su autorizaci\u00f3n expresa para hacerlo.<\/em><\/p><p><em>Para efectos de esta pol\u00edtica de privacidad, el domicilio de Transterre Logistics S.C. es el ubicado en: Riva Palacio 1024-B, Centro, Nuevo Laredo, Tamaulipas, C.P. 88000.<\/em><\/p><p><em>Transterre Logistics podr\u00e1 modificar el presente aviso de privacidad en cualquier tiempo y lo mantendr\u00e1 siempre a disposici\u00f3n por este conducto para su consulta.<\/em><\/p><p>\u00a0<\/p><\/div><\/div><\/div><\/section>\t\t\t\t\t\t\t\t<\/div>\n\t\t\t\t<\/div>\n\t\t\t\t\t<\/div>\n\t\t<\/div>\n\t\t\t\t\t<\/div>\n\t\t<\/section>\n\t\t\t\t<\/div>\n\t\t","protected":false},"excerpt":{"rendered":"<p>AVISO DE PRIVACIDAD En cumplimiento con lo establecido por la Ley Federal de Protecci\u00f3n de Datos Personales en Posesi\u00f3n de Particulares, Transterre Logistics S.C., Cargo Logistica Internacional S.A. de C.V.,&hellip;<\/p>\n","protected":false},"author":1,"featured_media":0,"parent":0,"menu_order":0,"comment_status":"closed","ping_status":"closed","template":"","meta":{"footnotes":""},"class_list":["post-18974","page","type-page","status-publish","hentry"],"_links":{"self":[{"href":"https:\/\/transterrelogistics.com\/index.php\/wp-json\/wp\/v2\/pages\/18974","targetHints":{"allow":["GET"]}}],"collection":[{"href":"https:\/\/transterrelogistics.com\/index.php\/wp-json\/wp\/v2\/pages"}],"about":[{"href":"https:\/\/transterrelogistics.com\/index.php\/wp-json\/wp\/v2\/types\/page"}],"author":[{"embeddable":true,"href":"https:\/\/transterrelogistics.com\/index.php\/wp-json\/wp\/v2\/users\/1"}],"replies":[{"embeddable":true,"href":"https:\/\/transterrelogistics.com\/index.php\/wp-json\/wp\/v2\/comments?post=18974"}],"version-history":[{"count":15,"href":"https:\/\/transterrelogistics.com\/index.php\/wp-json\/wp\/v2\/pages\/18974\/revisions"}],"predecessor-version":[{"id":19373,"href":"https:\/\/transterrelogistics.com\/index.php\/wp-json\/wp\/v2\/pages\/18974\/revisions\/19373"}],"wp:attachment":[{"href":"https:\/\/transterrelogistics.com\/index.php\/wp-json\/wp\/v2\/media?parent=18974"}],"curies":[{"name":"wp","href":"https:\/\/api.w.org\/{rel}","templated":true}]}}